{"id":2875,"date":"2021-12-09T17:10:45","date_gmt":"2021-12-09T14:10:45","guid":{"rendered":"http:\/\/ormisantextile.com\/fleeced-backings\/"},"modified":"2021-12-16T15:17:50","modified_gmt":"2021-12-16T12:17:50","slug":"fleeced-backings","status":"publish","type":"page","link":"http:\/\/ormisantextile.com\/es\/fleeced-backings\/","title":{"rendered":"FLEECED BACKINGS"},"content":{"rendered":"<p>[vc_row][vc_column][vc_empty_space height=\u00bb50px\u00bb alter_height=\u00bbnone\u00bb hide_on_mobile=\u00bb\u00bb][\/vc_column][\/vc_row][vc_row][vc_column width=\u00bb3\/6&#8243;]<div id=\"widget_slider_1697871863\" class=\"widget_area sc_widget_slider vc_widget_slider wpb_content_element\"><aside id=\"widget_slider_1697871863_widget\" class=\"widget widget_slider\">\t\t\t<div class=\"slider_wrap slider_engine_swiper\">\n\t\t\t\t<div id=\"widget_slider_1697871863_outer\" class=\"slider_outer slider_swiper_outer slider_style_default slider_outer_direction_horizontal slider_outer_one slider_outer_nopagination slider_outer_nocontrols slider_outer_titles_center\"><div id=\"widget_slider_1697871863_swiper\" class=\"slider_container slider_swiper swiper-slider-container slider_nocontrols slider_titles_center slider_resize slider_height_auto slider_direction_horizontal slider_nopagination slider_one slider_type_bg\" data-ratio=\"16:11\" data-interval=\"4000\" data-effect=\"slide\" data-pagination=\"bullets\" data-direction=\"horizontal\" data-slides-per-view=\"1\" data-slides-space=\"0\"><div class=\"slider-wrapper swiper-wrapper\"><div  class=\"slider-slide swiper-slide\" data-image=\"http:\/\/ormisantextile.com\/wp-content\/uploads\/2021\/10\/fleeced-backings-1.jpg\" style=\"background-image:url(http:\/\/ormisantextile.com\/wp-content\/uploads\/2021\/10\/fleeced-backings-1.jpg);\"><\/div><div  class=\"slider-slide swiper-slide\" data-image=\"http:\/\/ormisantextile.com\/wp-content\/uploads\/2021\/10\/fleeced-backings-2.jpg\" style=\"background-image:url(http:\/\/ormisantextile.com\/wp-content\/uploads\/2021\/10\/fleeced-backings-2.jpg);\"><\/div><div  class=\"slider-slide swiper-slide\" data-image=\"http:\/\/ormisantextile.com\/wp-content\/uploads\/2021\/10\/fleeced-backings-6.jpg\" style=\"background-image:url(http:\/\/ormisantextile.com\/wp-content\/uploads\/2021\/10\/fleeced-backings-6.jpg);\"><\/div><div  class=\"slider-slide swiper-slide\" data-image=\"http:\/\/ormisantextile.com\/wp-content\/uploads\/2021\/10\/fleeced-backings-3.jpg\" style=\"background-image:url(http:\/\/ormisantextile.com\/wp-content\/uploads\/2021\/10\/fleeced-backings-3.jpg);\"><\/div><div  class=\"slider-slide swiper-slide\" data-image=\"http:\/\/ormisantextile.com\/wp-content\/uploads\/2021\/10\/fleeced-backings-5.jpg\" style=\"background-image:url(http:\/\/ormisantextile.com\/wp-content\/uploads\/2021\/10\/fleeced-backings-5.jpg);\"><\/div><div  class=\"slider-slide swiper-slide\" data-image=\"http:\/\/ormisantextile.com\/wp-content\/uploads\/2021\/10\/fleeced-backings-8.jpg\" style=\"background-image:url(http:\/\/ormisantextile.com\/wp-content\/uploads\/2021\/10\/fleeced-backings-8.jpg);\"><\/div><div  class=\"slider-slide swiper-slide\" data-image=\"http:\/\/ormisantextile.com\/wp-content\/uploads\/2021\/10\/fleeced-backings-7.jpg\" style=\"background-image:url(http:\/\/ormisantextile.com\/wp-content\/uploads\/2021\/10\/fleeced-backings-7.jpg);\"><\/div><\/div><!-- \/.slider-wrapper --><\/div><!-- \/.slider_container --><\/div><!-- \/.slider_outer -->\t\t\t<\/div>\n\t\t\t<\/aside><\/div>[vc_empty_space height=\u00bb50px\u00bb alter_height=\u00bbnone\u00bb hide_on_mobile=\u00bb\u00bb][\/vc_column][vc_column width=\u00bb3\/6&#8243;]<div id=\"sc_title_824628926\"\n\t\tclass=\"sc_title color_style_default sc_title_default\"><h6 class=\"sc_item_subtitle sc_title_subtitle sc_align_left sc_item_title_style_default\">Productos<\/h6><h3 class=\"sc_item_title sc_title_title sc_align_left sc_item_title_style_default\">FLEECED BACKINGS<\/h3><\/div><!-- \/.sc_title -->[vc_column_text css=\u00bb.vc_custom_1634756860792{padding-top: 12px !important;padding-right: 10px !important;}\u00bb]Fleeced backings se produce aplicando la t\u00e9cnica de hacer fibra sobre el tejido desnudo Despu\u00e9s de estos procedimientos realizados cuando se realiza germinaci\u00f3n realizando la aplicaci\u00f3n de latex a la superficie fieltro se forma un efecto mas mantenedor entre el c\u00e9sped artificial y el tejido Se utilizan Fleeced backings en las superficies que tienen m\u00f3viles y presion baja encima.<\/p>\n<ul>\n<li>Seg\u00fan las solicitudes de cliente podemos producir este producto con diferentes caracter\u00edsticas.<\/li>\n<li>Todos nuestros productos pasan por procesos de control de calidad antes de llegar a nuestros clientes.<\/li>\n<li>Producimos en los est\u00e1ndares del mercado mundial como densidad de tejido, pero tenemos la tecnolog\u00eda para satisfacer las demandas en l\u00ednea con demandas especiales. .<\/li>\n<li>Nuestros productos se fabrican de acuerdo con est\u00e1ndares internacionales con patentes y certificados de calidad necesarios.<\/li>\n<\/ul>\n<p>\u00c1reas de uso de Fleeced Backing;<\/p>\n<ul>\n<li>Canchas De Tenis<\/li>\n<li>Superficies De Golfo<\/li>\n<\/ul>\n<p>[\/vc_column_text][\/vc_column][\/vc_row][vc_row][vc_column][vc_empty_space height=\u00bb50px\u00bb alter_height=\u00bbnone\u00bb hide_on_mobile=\u00bb\u00bb][vc_empty_space height=\u00bb50px\u00bb alter_height=\u00bbnone\u00bb hide_on_mobile=\u00bb3,2&#8243;][\/vc_column][\/vc_row]<\/p>\n","protected":false},"excerpt":{"rendered":"<p>[vc_row][vc_column][vc_empty_space height=\u00bb50px\u00bb alter_height=\u00bbnone\u00bb hide_on_mobile=\u00bb\u00bb][\/vc_column][\/vc_row][vc_row][vc_column width=\u00bb3\/6&#8243;][vc_empty_space height=\u00bb50px\u00bb alter_height=\u00bbnone\u00bb hide_on_mobile=\u00bb\u00bb][\/vc_column][vc_column width=\u00bb3\/6&#8243;][vc_column_text css=\u00bb.vc_custom_1634756860792{padding-top: 12px !important;padding-right: 10px !important;}\u00bb]Fleeced backings se produce aplicando la t\u00e9cnica de hacer fibra sobre el tejido desnudo Despu\u00e9s de estos procedimientos realizados cuando se realiza germinaci\u00f3n realizando la aplicaci\u00f3n de latex a la superficie fieltro se forma un efecto mas mantenedor entre el c\u00e9sped artificial y el tejido Se utilizan&hellip;<\/p>\n","protected":false},"author":1,"featured_media":0,"parent":0,"menu_order":0,"comment_status":"closed","ping_status":"closed","template":"","meta":{"footnotes":""},"class_list":["post-2875","page","type-page","status-publish","hentry"],"yoast_head":"<!-- This site is optimized with the Yoast SEO plugin v19.10 - https:\/\/yoast.com\/wordpress\/plugins\/seo\/ -->\n<title>FLEECED BACKINGS - Ormisan Textile<\/title>\n<meta name=\"robots\" content=\"index, follow, max-snippet:-1, max-image-preview:large, max-video-preview:-1\" \/>\n<link rel=\"canonical\" href=\"http:\/\/ormisantextile.com\/es\/fleeced-backings\/\" \/>\n<meta property=\"og:locale\" content=\"es_ES\" \/>\n<meta property=\"og:type\" content=\"article\" \/>\n<meta property=\"og:title\" content=\"FLEECED BACKINGS - Ormisan Textile\" \/>\n<meta property=\"og:description\" content=\"[vc_row][vc_column][vc_empty_space height=\u00bb50px\u00bb alter_height=\u00bbnone\u00bb hide_on_mobile=\u00bb\u00bb][\/vc_column][\/vc_row][vc_row][vc_column width=\u00bb3\/6&#8243;][vc_empty_space height=\u00bb50px\u00bb alter_height=\u00bbnone\u00bb hide_on_mobile=\u00bb\u00bb][\/vc_column][vc_column width=\u00bb3\/6&#8243;][vc_column_text css=\u00bb.vc_custom_1634756860792{padding-top: 12px !important;padding-right: 10px !important;}\u00bb]Fleeced backings se produce aplicando la t\u00e9cnica de hacer fibra sobre el tejido desnudo Despu\u00e9s de estos procedimientos realizados cuando se realiza germinaci\u00f3n realizando la aplicaci\u00f3n de latex a la superficie fieltro se forma un efecto mas mantenedor entre el c\u00e9sped artificial y el tejido Se utilizan&hellip;\" \/>\n<meta property=\"og:url\" content=\"http:\/\/ormisantextile.com\/es\/fleeced-backings\/\" \/>\n<meta property=\"og:site_name\" content=\"Ormisan Textile\" \/>\n<meta property=\"article:modified_time\" content=\"2021-12-16T12:17:50+00:00\" \/>\n<meta name=\"twitter:card\" content=\"summary_large_image\" \/>\n<meta name=\"twitter:label1\" content=\"Tiempo de lectura\" \/>\n\t<meta name=\"twitter:data1\" content=\"1 minuto\" \/>\n<script type=\"application\/ld+json\" class=\"yoast-schema-graph\">{\"@context\":\"https:\/\/schema.org\",\"@graph\":[{\"@type\":\"WebPage\",\"@id\":\"http:\/\/ormisantextile.com\/es\/fleeced-backings\/\",\"url\":\"http:\/\/ormisantextile.com\/es\/fleeced-backings\/\",\"name\":\"FLEECED BACKINGS - Ormisan Textile\",\"isPartOf\":{\"@id\":\"http:\/\/ormisantextile.com\/es\/#website\"},\"datePublished\":\"2021-12-09T14:10:45+00:00\",\"dateModified\":\"2021-12-16T12:17:50+00:00\",\"breadcrumb\":{\"@id\":\"http:\/\/ormisantextile.com\/es\/fleeced-backings\/#breadcrumb\"},\"inLanguage\":\"es\",\"potentialAction\":[{\"@type\":\"ReadAction\",\"target\":[\"http:\/\/ormisantextile.com\/es\/fleeced-backings\/\"]}]},{\"@type\":\"BreadcrumbList\",\"@id\":\"http:\/\/ormisantextile.com\/es\/fleeced-backings\/#breadcrumb\",\"itemListElement\":[{\"@type\":\"ListItem\",\"position\":1,\"name\":\"Anasayfa\",\"item\":\"http:\/\/ormisantextile.com\/es\/\"},{\"@type\":\"ListItem\",\"position\":2,\"name\":\"FLEECED BACKINGS\"}]},{\"@type\":\"WebSite\",\"@id\":\"http:\/\/ormisantextile.com\/es\/#website\",\"url\":\"http:\/\/ormisantextile.com\/es\/\",\"name\":\"Ormisan Textile\",\"description\":\"Stability on backings\",\"potentialAction\":[{\"@type\":\"SearchAction\",\"target\":{\"@type\":\"EntryPoint\",\"urlTemplate\":\"http:\/\/ormisantextile.com\/es\/?s={search_term_string}\"},\"query-input\":\"required name=search_term_string\"}],\"inLanguage\":\"es\"}]}<\/script>\n<!-- \/ Yoast SEO plugin. -->","yoast_head_json":{"title":"FLEECED BACKINGS - Ormisan Textile","robots":{"index":"index","follow":"follow","max-snippet":"max-snippet:-1","max-image-preview":"max-image-preview:large","max-video-preview":"max-video-preview:-1"},"canonical":"http:\/\/ormisantextile.com\/es\/fleeced-backings\/","og_locale":"es_ES","og_type":"article","og_title":"FLEECED BACKINGS - Ormisan Textile","og_description":"[vc_row][vc_column][vc_empty_space height=\u00bb50px\u00bb alter_height=\u00bbnone\u00bb hide_on_mobile=\u00bb\u00bb][\/vc_column][\/vc_row][vc_row][vc_column width=\u00bb3\/6&#8243;][vc_empty_space height=\u00bb50px\u00bb alter_height=\u00bbnone\u00bb hide_on_mobile=\u00bb\u00bb][\/vc_column][vc_column width=\u00bb3\/6&#8243;][vc_column_text css=\u00bb.vc_custom_1634756860792{padding-top: 12px !important;padding-right: 10px !important;}\u00bb]Fleeced backings se produce aplicando la t\u00e9cnica de hacer fibra sobre el tejido desnudo Despu\u00e9s de estos procedimientos realizados cuando se realiza germinaci\u00f3n realizando la aplicaci\u00f3n de latex a la superficie fieltro se forma un efecto mas mantenedor entre el c\u00e9sped artificial y el tejido Se utilizan&hellip;","og_url":"http:\/\/ormisantextile.com\/es\/fleeced-backings\/","og_site_name":"Ormisan Textile","article_modified_time":"2021-12-16T12:17:50+00:00","twitter_card":"summary_large_image","twitter_misc":{"Tiempo de lectura":"1 minuto"},"schema":{"@context":"https:\/\/schema.org","@graph":[{"@type":"WebPage","@id":"http:\/\/ormisantextile.com\/es\/fleeced-backings\/","url":"http:\/\/ormisantextile.com\/es\/fleeced-backings\/","name":"FLEECED BACKINGS - Ormisan Textile","isPartOf":{"@id":"http:\/\/ormisantextile.com\/es\/#website"},"datePublished":"2021-12-09T14:10:45+00:00","dateModified":"2021-12-16T12:17:50+00:00","breadcrumb":{"@id":"http:\/\/ormisantextile.com\/es\/fleeced-backings\/#breadcrumb"},"inLanguage":"es","potentialAction":[{"@type":"ReadAction","target":["http:\/\/ormisantextile.com\/es\/fleeced-backings\/"]}]},{"@type":"BreadcrumbList","@id":"http:\/\/ormisantextile.com\/es\/fleeced-backings\/#breadcrumb","itemListElement":[{"@type":"ListItem","position":1,"name":"Anasayfa","item":"http:\/\/ormisantextile.com\/es\/"},{"@type":"ListItem","position":2,"name":"FLEECED BACKINGS"}]},{"@type":"WebSite","@id":"http:\/\/ormisantextile.com\/es\/#website","url":"http:\/\/ormisantextile.com\/es\/","name":"Ormisan Textile","description":"Stability on backings","potentialAction":[{"@type":"SearchAction","target":{"@type":"EntryPoint","urlTemplate":"http:\/\/ormisantextile.com\/es\/?s={search_term_string}"},"query-input":"required name=search_term_string"}],"inLanguage":"es"}]}},"_links":{"self":[{"href":"http:\/\/ormisantextile.com\/es\/wp-json\/wp\/v2\/pages\/2875","targetHints":{"allow":["GET"]}}],"collection":[{"href":"http:\/\/ormisantextile.com\/es\/wp-json\/wp\/v2\/pages"}],"about":[{"href":"http:\/\/ormisantextile.com\/es\/wp-json\/wp\/v2\/types\/page"}],"author":[{"embeddable":true,"href":"http:\/\/ormisantextile.com\/es\/wp-json\/wp\/v2\/users\/1"}],"replies":[{"embeddable":true,"href":"http:\/\/ormisantextile.com\/es\/wp-json\/wp\/v2\/comments?post=2875"}],"version-history":[{"count":14,"href":"http:\/\/ormisantextile.com\/es\/wp-json\/wp\/v2\/pages\/2875\/revisions"}],"predecessor-version":[{"id":3070,"href":"http:\/\/ormisantextile.com\/es\/wp-json\/wp\/v2\/pages\/2875\/revisions\/3070"}],"wp:attachment":[{"href":"http:\/\/ormisantextile.com\/es\/wp-json\/wp\/v2\/media?parent=2875"}],"curies":[{"name":"wp","href":"https:\/\/api.w.org\/{rel}","templated":true}]}}